{"id":3,"date":"2024-03-19T17:20:07","date_gmt":"2024-03-19T17:20:07","guid":{"rendered":"https:\/\/kaffiklara.is\/?page_id=3"},"modified":"2024-03-19T22:53:10","modified_gmt":"2024-03-19T22:53:10","slug":"privacy-policy","status":"publish","type":"page","link":"https:\/\/kaffiklara.is\/?page_id=3","title":{"rendered":""},"content":{"rendered":"\n<div class=\"wp-block-group alignfull has-accent-background-color has-background has-global-padding is-layout-constrained wp-container-core-group-is-layout-669513ed wp-block-group-is-layout-constrained\" style=\"margin-top:0;margin-bottom:0;padding-top:var(--wp--preset--spacing--50);padding-right:var(--wp--preset--spacing--50);padding-bottom:var(--wp--preset--spacing--50);padding-left:var(--wp--preset--spacing--50)\">\n<div class=\"wp-block-columns alignwide is-layout-flex wp-container-core-columns-is-layout-1da03c2a wp-block-columns-is-layout-flex\">\n<div class=\"wp-block-column is-vertically-aligned-stretch is-layout-flow wp-block-column-is-layout-flow\" style=\"flex-basis:50%\">\n<div class=\"wp-block-group is-vertical is-content-justification-stretch is-layout-flex wp-container-core-group-is-layout-444d5ee8 wp-block-group-is-layout-flex\" style=\"min-height:100%\">\n<p class=\"has-heading-font-family has-x-large-font-size\" style=\"line-height:1.2\">EINSTAKLINGS HERBERGI<br><br><br>120cm R\u00fam<br>Fatahengi<br>Vaskur<br>Handkl\u00e6\u00f0i &amp; \u00devottastykki<br>\u00dats\u00fdni \u00fat \u00e1 A\u00f0alg\u00f6tu<br><br>Morgunmatur Innifalinn<\/p>\n\n\n\n<p><\/p>\n\n\n\n<div class=\"wp-block-group has-global-padding is-content-justification-left is-layout-constrained wp-container-core-group-is-layout-9fe8ed88 wp-block-group-is-layout-constrained\">\n<div class=\"wp-block-buttons is-layout-flex wp-block-buttons-is-layout-flex\"><\/div>\n<\/div>\n<\/div>\n<\/div>\n\n\n\n<div class=\"wp-block-column is-vertically-aligned-center is-layout-flow wp-block-column-is-layout-flow\" style=\"flex-basis:50%\">\n<figure class=\"wp-block-image size-large is-style-rounded is-style-rounded--1\"><img loading=\"lazy\" decoding=\"async\" width=\"768\" height=\"1024\" src=\"https:\/\/kaffiklara.is\/wp-content\/uploads\/2024\/03\/IMG_1164-768x1024.jpeg\" alt=\"\" class=\"wp-image-47\" style=\"aspect-ratio:3\/4;object-fit:cover\" srcset=\"https:\/\/kaffiklara.is\/wp-content\/uploads\/2024\/03\/IMG_1164-768x1024.jpeg 768w, https:\/\/kaffiklara.is\/wp-content\/uploads\/2024\/03\/IMG_1164-225x300.jpeg 225w, https:\/\/kaffiklara.is\/wp-content\/uploads\/2024\/03\/IMG_1164-1152x1536.jpeg 1152w, https:\/\/kaffiklara.is\/wp-content\/uploads\/2024\/03\/IMG_1164.jpeg 1536w\" sizes=\"auto, (max-width: 768px) 100vw, 768px\" \/><\/figure>\n<\/div>\n<\/div>\n<\/div>\n\n\n\n<div class=\"wp-block-group alignfull has-accent-background-color has-background has-global-padding is-layout-constrained wp-container-core-group-is-layout-669513ed wp-block-group-is-layout-constrained\" style=\"margin-top:0;margin-bottom:0;padding-top:var(--wp--preset--spacing--50);padding-right:var(--wp--preset--spacing--50);padding-bottom:var(--wp--preset--spacing--50);padding-left:var(--wp--preset--spacing--50)\">\n<div class=\"wp-block-columns alignwide is-layout-flex wp-container-core-columns-is-layout-1da03c2a wp-block-columns-is-layout-flex\">\n<div class=\"wp-block-column is-vertically-aligned-stretch is-layout-flow wp-block-column-is-layout-flow\" style=\"flex-basis:50%\">\n<div class=\"wp-block-group is-vertical is-content-justification-stretch is-layout-flex wp-container-core-group-is-layout-444d5ee8 wp-block-group-is-layout-flex\" style=\"min-height:100%\">\n<p class=\"has-heading-font-family has-x-large-font-size\" style=\"line-height:1.2\">TVEGGJA MANNA HERBERGI<br><br><br>2x 90cm R\u00fam<br>Fatahengi<br>Bekkur<br>Vaskur<br>Handkl\u00e6\u00f0i &amp; \u00devottastykki<br>\u00dats\u00fdni \u00fat \u00e1 sj\u00f3<br><br>Morgunmatur Innifalinn<\/p>\n\n\n\n<div class=\"wp-block-group has-global-padding is-content-justification-left is-layout-constrained wp-container-core-group-is-layout-9fe8ed88 wp-block-group-is-layout-constrained\">\n<div class=\"wp-block-buttons is-layout-flex wp-block-buttons-is-layout-flex\"><\/div>\n<\/div>\n<\/div>\n<\/div>\n\n\n\n<div class=\"wp-block-column is-vertically-aligned-center is-layout-flow wp-block-column-is-layout-flow\" style=\"flex-basis:50%\">\n<figure class=\"wp-block-image size-large is-style-rounded is-style-rounded--2\"><img loading=\"lazy\" decoding=\"async\" width=\"1024\" height=\"768\" src=\"https:\/\/kaffiklara.is\/wp-content\/uploads\/2024\/03\/IMG_1177-1024x768.jpeg\" alt=\"\" class=\"wp-image-50\" style=\"aspect-ratio:3\/4;object-fit:cover\" srcset=\"https:\/\/kaffiklara.is\/wp-content\/uploads\/2024\/03\/IMG_1177-1024x768.jpeg 1024w, https:\/\/kaffiklara.is\/wp-content\/uploads\/2024\/03\/IMG_1177-300x225.jpeg 300w, https:\/\/kaffiklara.is\/wp-content\/uploads\/2024\/03\/IMG_1177-768x576.jpeg 768w, https:\/\/kaffiklara.is\/wp-content\/uploads\/2024\/03\/IMG_1177-1536x1152.jpeg 1536w, https:\/\/kaffiklara.is\/wp-content\/uploads\/2024\/03\/IMG_1177.jpeg 2048w\" sizes=\"auto, (max-width: 1024px) 100vw, 1024px\" \/><\/figure>\n<\/div>\n<\/div>\n<\/div>\n\n\n\n<div class=\"wp-block-group alignfull has-accent-background-color has-background has-global-padding is-layout-constrained wp-container-core-group-is-layout-669513ed wp-block-group-is-layout-constrained\" style=\"margin-top:0;margin-bottom:0;padding-top:var(--wp--preset--spacing--50);padding-right:var(--wp--preset--spacing--50);padding-bottom:var(--wp--preset--spacing--50);padding-left:var(--wp--preset--spacing--50)\">\n<div class=\"wp-block-columns alignwide is-layout-flex wp-container-core-columns-is-layout-1da03c2a wp-block-columns-is-layout-flex\">\n<div class=\"wp-block-column is-vertically-aligned-stretch is-layout-flow wp-block-column-is-layout-flow\" style=\"flex-basis:50%\">\n<div class=\"wp-block-group is-vertical is-content-justification-stretch is-layout-flex wp-container-core-group-is-layout-444d5ee8 wp-block-group-is-layout-flex\" style=\"min-height:100%\">\n<p class=\"has-heading-font-family has-x-large-font-size\" style=\"line-height:1.2\">TVEGGJA MANNA HERBERGI<br><br><br>2x 90cm R\u00fam<br>Fatahengi<br>Bekkur<br>Vaskur<br>Handkl\u00e6\u00f0i &amp; \u00devottastykki<br>\u00dats\u00fdni \u00fat \u00e1 A\u00f0alg\u00f6tu<br><br>Morgunmatur Innifalinn<\/p>\n\n\n\n<div class=\"wp-block-group has-global-padding is-content-justification-left is-layout-constrained wp-container-core-group-is-layout-9fe8ed88 wp-block-group-is-layout-constrained\">\n<div class=\"wp-block-buttons is-layout-flex wp-block-buttons-is-layout-flex\"><\/div>\n<\/div>\n<\/div>\n<\/div>\n\n\n\n<div class=\"wp-block-column is-vertically-aligned-center is-layout-flow wp-block-column-is-layout-flow\" style=\"flex-basis:50%\">\n<figure class=\"wp-block-image size-large is-style-rounded is-style-rounded--3\"><img loading=\"lazy\" decoding=\"async\" width=\"1024\" height=\"768\" src=\"https:\/\/kaffiklara.is\/wp-content\/uploads\/2024\/03\/IMG_1179-1024x768.jpeg\" alt=\"\" class=\"wp-image-51\" style=\"aspect-ratio:3\/4;object-fit:cover\" srcset=\"https:\/\/kaffiklara.is\/wp-content\/uploads\/2024\/03\/IMG_1179-1024x768.jpeg 1024w, https:\/\/kaffiklara.is\/wp-content\/uploads\/2024\/03\/IMG_1179-300x225.jpeg 300w, https:\/\/kaffiklara.is\/wp-content\/uploads\/2024\/03\/IMG_1179-768x576.jpeg 768w, https:\/\/kaffiklara.is\/wp-content\/uploads\/2024\/03\/IMG_1179-1536x1152.jpeg 1536w, https:\/\/kaffiklara.is\/wp-content\/uploads\/2024\/03\/IMG_1179.jpeg 2048w\" sizes=\"auto, (max-width: 1024px) 100vw, 1024px\" \/><\/figure>\n<\/div>\n<\/div>\n<\/div>\n\n\n\n<div class=\"wp-block-group alignfull has-accent-background-color has-background has-global-padding is-layout-constrained wp-container-core-group-is-layout-669513ed wp-block-group-is-layout-constrained\" style=\"margin-top:0;margin-bottom:0;padding-top:var(--wp--preset--spacing--50);padding-right:var(--wp--preset--spacing--50);padding-bottom:var(--wp--preset--spacing--50);padding-left:var(--wp--preset--spacing--50)\">\n<div class=\"wp-block-columns alignwide is-layout-flex wp-container-core-columns-is-layout-1da03c2a wp-block-columns-is-layout-flex\">\n<div class=\"wp-block-column is-vertically-aligned-stretch is-layout-flow wp-block-column-is-layout-flow\" style=\"flex-basis:50%\">\n<div class=\"wp-block-group is-vertical is-content-justification-stretch is-layout-flex wp-container-core-group-is-layout-444d5ee8 wp-block-group-is-layout-flex\" style=\"min-height:100%\">\n<p class=\"has-heading-font-family has-x-large-font-size\" style=\"line-height:1.2\">\u00deRIGGJA MANNA HERBERGI<br><br><br>3x 90cm R\u00fam<br>Fatahengi<br>Bekkur<br>Vaskur<br>Handkl\u00e6\u00f0i &amp; \u00devottastykki<br>\u00dats\u00fdni \u00fat \u00e1 A\u00f0alg\u00f6tu<br><br>Morgunmatur Innifalinn<\/p>\n\n\n\n<div class=\"wp-block-group has-global-padding is-content-justification-left is-layout-constrained wp-container-core-group-is-layout-9fe8ed88 wp-block-group-is-layout-constrained\">\n<div class=\"wp-block-buttons is-layout-flex wp-block-buttons-is-layout-flex\"><\/div>\n<\/div>\n<\/div>\n<\/div>\n\n\n\n<div class=\"wp-block-column is-vertically-aligned-center is-layout-flow wp-block-column-is-layout-flow\" style=\"flex-basis:50%\">\n<figure class=\"wp-block-image size-large is-style-rounded is-style-rounded--4\"><img loading=\"lazy\" decoding=\"async\" width=\"1024\" height=\"768\" src=\"https:\/\/kaffiklara.is\/wp-content\/uploads\/2024\/03\/IMG_0998-1024x768.jpeg\" alt=\"\" class=\"wp-image-53\" style=\"aspect-ratio:3\/4;object-fit:cover\" srcset=\"https:\/\/kaffiklara.is\/wp-content\/uploads\/2024\/03\/IMG_0998-1024x768.jpeg 1024w, https:\/\/kaffiklara.is\/wp-content\/uploads\/2024\/03\/IMG_0998-300x225.jpeg 300w, https:\/\/kaffiklara.is\/wp-content\/uploads\/2024\/03\/IMG_0998-768x576.jpeg 768w, https:\/\/kaffiklara.is\/wp-content\/uploads\/2024\/03\/IMG_0998-1536x1152.jpeg 1536w, https:\/\/kaffiklara.is\/wp-content\/uploads\/2024\/03\/IMG_0998-2048x1536.jpeg 2048w\" sizes=\"auto, (max-width: 1024px) 100vw, 1024px\" \/><\/figure>\n<\/div>\n<\/div>\n<\/div>\n\n\n\n<div class=\"wp-block-group alignfull has-accent-background-color has-background has-global-padding is-layout-constrained wp-container-core-group-is-layout-669513ed wp-block-group-is-layout-constrained\" style=\"margin-top:0;margin-bottom:0;padding-top:var(--wp--preset--spacing--50);padding-right:var(--wp--preset--spacing--50);padding-bottom:var(--wp--preset--spacing--50);padding-left:var(--wp--preset--spacing--50)\">\n<div class=\"wp-block-columns alignwide is-layout-flex wp-container-core-columns-is-layout-1da03c2a wp-block-columns-is-layout-flex\">\n<div class=\"wp-block-column is-vertically-aligned-stretch is-layout-flow wp-block-column-is-layout-flow\" style=\"flex-basis:50%\">\n<div class=\"wp-block-group is-vertical is-content-justification-stretch is-layout-flex wp-container-core-group-is-layout-444d5ee8 wp-block-group-is-layout-flex\" style=\"min-height:100%\">\n<p class=\"has-heading-font-family has-x-large-font-size\" style=\"line-height:1.2\">FJ\u00d6LSKYLDU HERBERGI<br><br><br>2x 90cm R\u00fam<br>Koja<br>Fatahengi<br>Bekkur<br>Vaskur<br>Handkl\u00e6\u00f0i &amp; \u00devottastykki<br>Svalir<br>\u00dats\u00fdni \u00fat Strandg\u00f6tu<br><br>Morgunmatur Innifalinn<\/p>\n\n\n\n<div class=\"wp-block-group has-global-padding is-content-justification-left is-layout-constrained wp-container-core-group-is-layout-9fe8ed88 wp-block-group-is-layout-constrained\">\n<div class=\"wp-block-buttons is-layout-flex wp-block-buttons-is-layout-flex\"><\/div>\n<\/div>\n<\/div>\n<\/div>\n\n\n\n<div class=\"wp-block-column is-vertically-aligned-center is-layout-flow wp-block-column-is-layout-flow\" style=\"flex-basis:50%\">\n<figure class=\"wp-block-image size-large is-style-rounded is-style-rounded--5\"><img loading=\"lazy\" decoding=\"async\" width=\"1024\" height=\"768\" src=\"https:\/\/kaffiklara.is\/wp-content\/uploads\/2024\/03\/IMG_1180-1024x768.jpeg\" alt=\"\" class=\"wp-image-52\" style=\"aspect-ratio:3\/4;object-fit:cover\" srcset=\"https:\/\/kaffiklara.is\/wp-content\/uploads\/2024\/03\/IMG_1180-1024x768.jpeg 1024w, https:\/\/kaffiklara.is\/wp-content\/uploads\/2024\/03\/IMG_1180-300x225.jpeg 300w, https:\/\/kaffiklara.is\/wp-content\/uploads\/2024\/03\/IMG_1180-768x576.jpeg 768w, https:\/\/kaffiklara.is\/wp-content\/uploads\/2024\/03\/IMG_1180-1536x1152.jpeg 1536w, https:\/\/kaffiklara.is\/wp-content\/uploads\/2024\/03\/IMG_1180.jpeg 2048w\" sizes=\"auto, (max-width: 1024px) 100vw, 1024px\" \/><\/figure>\n<\/div>\n<\/div>\n<\/div>\n\n\n\n<figure class=\"wp-block-gallery alignwide has-nested-images columns-default is-cropped wp-block-gallery-6 is-layout-flex wp-block-gallery-is-layout-flex\">\n<figure class=\"wp-block-image size-large\"><img loading=\"lazy\" decoding=\"async\" width=\"1024\" height=\"768\" data-id=\"57\" src=\"https:\/\/kaffiklara.is\/wp-content\/uploads\/2024\/03\/IMG_1159-2-1024x768.jpeg\" alt=\"\" class=\"wp-image-57\" srcset=\"https:\/\/kaffiklara.is\/wp-content\/uploads\/2024\/03\/IMG_1159-2-1024x768.jpeg 1024w, https:\/\/kaffiklara.is\/wp-content\/uploads\/2024\/03\/IMG_1159-2-300x225.jpeg 300w, https:\/\/kaffiklara.is\/wp-content\/uploads\/2024\/03\/IMG_1159-2-768x576.jpeg 768w, https:\/\/kaffiklara.is\/wp-content\/uploads\/2024\/03\/IMG_1159-2-1536x1152.jpeg 1536w, https:\/\/kaffiklara.is\/wp-content\/uploads\/2024\/03\/IMG_1159-2.jpeg 2048w\" sizes=\"auto, (max-width: 1024px) 100vw, 1024px\" \/><\/figure>\n\n\n\n<figure class=\"wp-block-image size-large\"><img loading=\"lazy\" decoding=\"async\" width=\"768\" height=\"1024\" data-id=\"62\" src=\"https:\/\/kaffiklara.is\/wp-content\/uploads\/2024\/03\/IMG_1161-768x1024.jpeg\" alt=\"\" class=\"wp-image-62\" srcset=\"https:\/\/kaffiklara.is\/wp-content\/uploads\/2024\/03\/IMG_1161-768x1024.jpeg 768w, https:\/\/kaffiklara.is\/wp-content\/uploads\/2024\/03\/IMG_1161-225x300.jpeg 225w, https:\/\/kaffiklara.is\/wp-content\/uploads\/2024\/03\/IMG_1161-1152x1536.jpeg 1152w, https:\/\/kaffiklara.is\/wp-content\/uploads\/2024\/03\/IMG_1161.jpeg 1536w\" sizes=\"auto, (max-width: 768px) 100vw, 768px\" \/><\/figure>\n<\/figure>\n\n\n\n<figure class=\"wp-block-gallery alignwide has-nested-images columns-default is-cropped wp-block-gallery-7 is-layout-flex wp-block-gallery-is-layout-flex\">\n<figure class=\"wp-block-image size-large\"><img loading=\"lazy\" decoding=\"async\" width=\"768\" height=\"1024\" data-id=\"59\" src=\"https:\/\/kaffiklara.is\/wp-content\/uploads\/2024\/03\/IMG_1178-768x1024.jpeg\" alt=\"\" class=\"wp-image-59\" srcset=\"https:\/\/kaffiklara.is\/wp-content\/uploads\/2024\/03\/IMG_1178-768x1024.jpeg 768w, https:\/\/kaffiklara.is\/wp-content\/uploads\/2024\/03\/IMG_1178-225x300.jpeg 225w, https:\/\/kaffiklara.is\/wp-content\/uploads\/2024\/03\/IMG_1178-1152x1536.jpeg 1152w, https:\/\/kaffiklara.is\/wp-content\/uploads\/2024\/03\/IMG_1178.jpeg 1536w\" sizes=\"auto, (max-width: 768px) 100vw, 768px\" \/><\/figure>\n\n\n\n<figure class=\"wp-block-image size-large\"><img loading=\"lazy\" decoding=\"async\" width=\"768\" height=\"1024\" data-id=\"60\" src=\"https:\/\/kaffiklara.is\/wp-content\/uploads\/2024\/03\/IMG_1175-768x1024.jpeg\" alt=\"\" class=\"wp-image-60\" srcset=\"https:\/\/kaffiklara.is\/wp-content\/uploads\/2024\/03\/IMG_1175-768x1024.jpeg 768w, https:\/\/kaffiklara.is\/wp-content\/uploads\/2024\/03\/IMG_1175-225x300.jpeg 225w, https:\/\/kaffiklara.is\/wp-content\/uploads\/2024\/03\/IMG_1175-1152x1536.jpeg 1152w, https:\/\/kaffiklara.is\/wp-content\/uploads\/2024\/03\/IMG_1175.jpeg 1536w\" sizes=\"auto, (max-width: 768px) 100vw, 768px\" \/><\/figure>\n<\/figure>\n\n\n\n<figure class=\"wp-block-gallery alignwide has-nested-images columns-default is-cropped wp-block-gallery-8 is-layout-flex wp-block-gallery-is-layout-flex\">\n<figure class=\"wp-block-image size-large\"><img loading=\"lazy\" decoding=\"async\" width=\"768\" height=\"1024\" data-id=\"61\" src=\"https:\/\/kaffiklara.is\/wp-content\/uploads\/2024\/03\/IMG_1163-768x1024.jpeg\" alt=\"\" class=\"wp-image-61\" srcset=\"https:\/\/kaffiklara.is\/wp-content\/uploads\/2024\/03\/IMG_1163-768x1024.jpeg 768w, https:\/\/kaffiklara.is\/wp-content\/uploads\/2024\/03\/IMG_1163-225x300.jpeg 225w, https:\/\/kaffiklara.is\/wp-content\/uploads\/2024\/03\/IMG_1163-1152x1536.jpeg 1152w, https:\/\/kaffiklara.is\/wp-content\/uploads\/2024\/03\/IMG_1163.jpeg 1536w\" sizes=\"auto, (max-width: 768px) 100vw, 768px\" \/><\/figure>\n\n\n\n<figure class=\"wp-block-image size-large\"><img loading=\"lazy\" decoding=\"async\" width=\"768\" height=\"1024\" data-id=\"58\" src=\"https:\/\/kaffiklara.is\/wp-content\/uploads\/2024\/03\/IMG_1162-768x1024.jpeg\" alt=\"\" class=\"wp-image-58\" srcset=\"https:\/\/kaffiklara.is\/wp-content\/uploads\/2024\/03\/IMG_1162-768x1024.jpeg 768w, https:\/\/kaffiklara.is\/wp-content\/uploads\/2024\/03\/IMG_1162-225x300.jpeg 225w, https:\/\/kaffiklara.is\/wp-content\/uploads\/2024\/03\/IMG_1162-1152x1536.jpeg 1152w, https:\/\/kaffiklara.is\/wp-content\/uploads\/2024\/03\/IMG_1162.jpeg 1536w\" sizes=\"auto, (max-width: 768px) 100vw, 768px\" \/><\/figure>\n<\/figure>\n","protected":false},"excerpt":{"rendered":"<p>EINSTAKLINGS HERBERGI 120cm R\u00famFatahengiVaskurHandkl\u00e6\u00f0i &amp; \u00devottastykki\u00dats\u00fdni \u00fat \u00e1 A\u00f0alg\u00f6tu Morgunmatur Innifalinn TVEGGJA MANNA HERBERGI 2x 90cm R\u00famFatahengiBekkurVaskurHandkl\u00e6\u00f0i &amp; \u00devottastykki\u00dats\u00fdni \u00fat \u00e1 sj\u00f3 Morgunmatur Innifalinn TVEGGJA MANNA HERBERGI 2x 90cm R\u00famFatahengiBekkurVaskurHandkl\u00e6\u00f0i &amp; \u00devottastykki\u00dats\u00fdni \u00fat \u00e1 A\u00f0alg\u00f6tu Morgunmatur Innifalinn \u00deRIGGJA MANNA HERBERGI 3x 90cm R\u00famFatahengiBekkurVaskurHandkl\u00e6\u00f0i &amp; \u00devottastykki\u00dats\u00fdni \u00fat \u00e1 A\u00f0alg\u00f6tu Morgunmatur Innifalinn FJ\u00d6LSKYLDU HERBERGI 2x 90cm R\u00famKojaFatahengiBekkurVaskurHandkl\u00e6\u00f0i [&hellip;]<\/p>\n","protected":false},"author":1,"featured_media":0,"parent":0,"menu_order":0,"comment_status":"closed","ping_status":"open","template":"","meta":{"footnotes":""},"class_list":["post-3","page","type-page","status-publish","hentry"],"_links":{"self":[{"href":"https:\/\/kaffiklara.is\/index.php?rest_route=\/wp\/v2\/pages\/3","targetHints":{"allow":["GET"]}}],"collection":[{"href":"https:\/\/kaffiklara.is\/index.php?rest_route=\/wp\/v2\/pages"}],"about":[{"href":"https:\/\/kaffiklara.is\/index.php?rest_route=\/wp\/v2\/types\/page"}],"author":[{"embeddable":true,"href":"https:\/\/kaffiklara.is\/index.php?rest_route=\/wp\/v2\/users\/1"}],"replies":[{"embeddable":true,"href":"https:\/\/kaffiklara.is\/index.php?rest_route=%2Fwp%2Fv2%2Fcomments&post=3"}],"version-history":[{"count":7,"href":"https:\/\/kaffiklara.is\/index.php?rest_route=\/wp\/v2\/pages\/3\/revisions"}],"predecessor-version":[{"id":85,"href":"https:\/\/kaffiklara.is\/index.php?rest_route=\/wp\/v2\/pages\/3\/revisions\/85"}],"wp:attachment":[{"href":"https:\/\/kaffiklara.is\/index.php?rest_route=%2Fwp%2Fv2%2Fmedia&parent=3"}],"curies":[{"name":"wp","href":"https:\/\/api.w.org\/{rel}","templated":true}]}}